{"id":725,"date":"2026-03-25T10:19:04","date_gmt":"2026-03-25T10:19:04","guid":{"rendered":"https:\/\/domosconstrucciones.com\/rechtliche-hinweise\/"},"modified":"2026-04-29T12:01:01","modified_gmt":"2026-04-29T12:01:01","slug":"rechtliche-hinweise","status":"publish","type":"page","link":"https:\/\/domosconstrucciones.com\/de\/rechtliche-hinweise\/","title":{"rendered":"Rechtliche Hinweise"},"content":{"rendered":"<p>[et_pb_section fb_built=&#8220;1&#8243; admin_label=&#8220;Contacto&#8220; module_id=&#8220;Contacto&#8220; _builder_version=&#8220;4.27.6&#8243; _module_preset=&#8220;default&#8220; custom_padding=&#8220;80px||80px||true|false&#8220; locked=&#8220;off&#8220; collapsed=&#8220;on&#8220; global_colors_info=&#8220;{}&#8220;][et_pb_row _builder_version=&#8220;4.27.6&#8243; _module_preset=&#8220;default&#8220; max_width=&#8220;80%&#8220; locked=&#8220;off&#8220; global_colors_info=&#8220;{}&#8220;][et_pb_column type=&#8220;4_4&#8243; _builder_version=&#8220;4.24.2&#8243; _module_preset=&#8220;default&#8220; global_colors_info=&#8220;{}&#8220;][et_pb_text _builder_version=&#8220;4.27.6&#8243; _module_preset=&#8220;default&#8220; header_font=&#8220;Albert Sans|600|||||||&#8220; header_text_align=&#8220;center&#8220; header_text_color=&#8220;#022047&#8243; header_font_size=&#8220;82px&#8220; header_letter_spacing=&#8220;-1px&#8220; module_alignment=&#8220;left&#8220; custom_margin=&#8220;0px||24px||false|false&#8220; custom_margin_tablet=&#8220;0px||24px||false|false&#8220; custom_margin_phone=&#8220;0px||19px||false|false&#8220; custom_margin_last_edited=&#8220;on|phone&#8220; custom_padding=&#8220;0px||0px||false|false&#8220; header_font_size_tablet=&#8220;58px&#8220; header_font_size_phone=&#8220;35px&#8220; header_font_size_last_edited=&#8220;on|tablet&#8220; global_colors_info=&#8220;{}&#8220;]<\/p>\n<h1 style=\"text-align: left;\">Rechtliche Hinweise<span style=\"color: #0066db;\">.<\/span><\/h1>\n<p>[\/et_pb_text][\/et_pb_column][\/et_pb_row][et_pb_row _builder_version=&#8220;4.27.6&#8243; _module_preset=&#8220;default&#8220; max_width=&#8220;80%&#8220; animation_style=&#8220;fade&#8220; animation_delay=&#8220;500ms&#8220; animation_speed_curve=&#8220;ease&#8220; custom_css_main_element=&#8220;display: flex;||align-items: center;&#8220; global_colors_info=&#8220;{}&#8220; custom_css_main_element_last_edited=&#8220;on|phone&#8220; custom_css_main_element_tablet=&#8220;display: inherit;||align-items: inherit;&#8220; custom_css_main_element_phone=&#8220;display: inherit;||align-items: inherit;&#8220;][et_pb_column type=&#8220;4_4&#8243; _builder_version=&#8220;4.27.6&#8243; _module_preset=&#8220;default&#8220; global_colors_info=&#8220;{}&#8220;][et_pb_text _builder_version=&#8220;4.27.6&#8243; _module_preset=&#8220;default&#8220; header_2_font=&#8220;Albert Sans|600|||||||&#8220; header_2_text_align=&#8220;center&#8220; header_2_text_color=&#8220;#022047&#8243; header_2_font_size=&#8220;42px&#8220; header_2_letter_spacing=&#8220;-0.5px&#8220; module_alignment=&#8220;left&#8220; custom_margin=&#8220;0px||0px||false|false&#8220; custom_padding=&#8220;0px||0px||false|false&#8220; header_2_font_size_tablet=&#8220;41px&#8220; header_2_font_size_phone=&#8220;28px&#8220; header_2_font_size_last_edited=&#8220;on|phone&#8220; locked=&#8220;off&#8220; global_colors_info=&#8220;{}&#8220;]<\/p>\n<h2 class=\"text-3xl lg:text-4xl\" style=\"text-align: left;\" data-fg-d3bl18=\"0.8:1.9510:\/src\/app\/App.tsx:46:11:2095:123:e:h2:t\" data-fgid-d3bl18=\":rg:\">Gesetz \u00fcber Dienste der Informationsgesellschaft<span style=\"color: #005af2;\">.<\/span><\/h2>\n<p>[\/et_pb_text][et_pb_text _builder_version=&#8220;4.27.6&#8243; _module_preset=&#8220;default&#8220; text_font=&#8220;Roboto Flex||||||||&#8220; text_font_size=&#8220;18px&#8220; text_letter_spacing=&#8220;-0.5px&#8220; text_line_height=&#8220;1.4em&#8220; link_font=&#8220;Roboto Flex||||||||&#8220; link_text_color=&#8220;#0066db&#8220; header_3_font=&#8220;Albert Sans|600|||||||&#8220; header_3_text_color=&#8220;#022047&#8243; header_3_font_size=&#8220;28px&#8220; header_3_letter_spacing=&#8220;-1px&#8220; hover_enabled=&#8220;0&#8243; text_font_size_tablet=&#8220;18px&#8220; text_font_size_phone=&#8220;18px&#8220; text_font_size_last_edited=&#8220;on|phone&#8220; global_colors_info=&#8220;{}&#8220; sticky_enabled=&#8220;0&#8243;]<\/p>\n<p>DOMOS REHABILITACI\u00d3N Y CONSTRUCCION, S.L., der f\u00fcr diese Website Verantwortliche, im Folgenden \u201eVERANTWORTLICHER\u201c genannt, stellt den Nutzern das vorliegende Dokument zur Verf\u00fcgung, um den Verpflichtungen aus dem Gesetz 34\/2002 vom 11. Juli \u00fcber Dienste der Informationsgesellschaft und den elektronischen Gesch\u00e4ftsverkehr (LSSICE) BOE Nr. 166, nachzukommen sowie alle Nutzer der Website \u00fcber die Nutzungsbedingungen zu informieren.<\/p>\n<p><\/p>\n<p>Jede Person, die auf diese Website zugreift, \u00fcbernimmt die Rolle eines Nutzers und verpflichtet sich zur strikten Einhaltung und Befolgung der hier festgelegten Bestimmungen sowie aller sonstigen geltenden gesetzlichen Bestimmungen.<\/p>\n<p><\/p>\n<p>DOMOS REHABILITACI\u00d3N Y CONSTRUCCION, S.L. beh\u00e4lt sich das Recht vor, jegliche auf der Website erscheinenden Informationen zu \u00e4ndern, ohne dass eine Verpflichtung besteht, dies den Nutzern im Voraus anzuk\u00fcndigen oder sie dar\u00fcber in Kenntnis zu setzen, wobei die Ver\u00f6ffentlichung auf der Website von DOMOS REHABILITACI\u00d3N Y CONSTRUCCION, S.L. als ausreichend gilt.<\/p>\n<p><\/p>\n<h3>Identifizierungsdaten<span style=\"color: #0066db;\">.<\/span><\/h3>\n<p><\/p>\n<p><strong>Domainname:<\/strong> domosconstrucciones.com<br \/><strong>Handelsname:<\/strong> DOMOS REHABILITACI\u00d3N Y CONSTRUCCION<br \/><strong>Firmenname:<\/strong> DOMOS REHABILITACI\u00d3N Y CONSTRUCCION, S.L.<br \/><strong>Steuernummer:<\/strong> B57949943<br \/><strong>Eingetragener Sitz<\/strong>: C\/ Cala Serena, 2-1 2 &#8211; 07009 Palma de Mallorca, Balearen<br \/><strong>Telefon:<\/strong> <a href=\"tel:+34625299065\">625 299 065<\/a><br \/><strong>E-Mail:<\/strong><a href=\"mailto:info@domosconstrucciones.com\"> info@domosconstrucciones.com<\/a><\/p>\n<p><\/p>\n<h3>Derechos de propiedad intelectual e industrial<span style=\"color: #0066db;\">.<\/span><\/h3>\n<p><\/p>\n<p>Die Website, einschlie\u00dflich, aber nicht beschr\u00e4nkt auf Programmierung, Bearbeitung, Zusammenstellung und alle anderen f\u00fcr ihren Betrieb notwendigen Elemente sowie Designs, Logos, Texte und\/oder Grafiken, ist Eigentum des Betreibers oder wird gegebenenfalls mit ausdr\u00fccklicher Lizenz oder Genehmigung der jeweiligen Eigent\u00fcmer verwendet. Alle Inhalte der Website sind durch Urheber- und gewerbliche Schutzrechte gesch\u00fctzt und in den entsprechenden \u00f6ffentlichen Registern eingetragen. Ungeachtet des Verwendungszwecks bedarf jede Vervielf\u00e4ltigung, Nutzung, Verwertung, Verbreitung oder Vermarktung, ganz oder teilweise, der vorherigen schriftlichen Genehmigung des Betreibers. Jede unerlaubte Nutzung stellt eine schwerwiegende Verletzung der Urheber- und gewerblichen Schutzrechte dar.<\/p>\n<p><\/p>\n<p>Designs, Logos, Texte und\/oder Grafiken Dritter, die auf der Website erscheinen, geh\u00f6ren ihren jeweiligen Eigent\u00fcmern, die f\u00fcr alle diesbez\u00fcglichen Streitigkeiten verantwortlich sind. Der Betreiber gestattet Dritten ausdr\u00fccklich, direkt auf bestimmte Inhalte der Website zu verlinken und in jedem Fall auf die Hauptwebsite unter domosconstrucciones.com zu verlinken.<\/p>\n<p><\/p>\n<p>Der Betreiber erkennt die entsprechenden geistigen und gewerblichen Schutzrechte der jeweiligen Inhaber an. Die blo\u00dfe Erw\u00e4hnung oder Darstellung dieser Rechte auf der Website impliziert weder das Bestehen von Rechten oder Verantwortlichkeiten seitens des Betreibers noch stellt sie eine Billigung, F\u00f6rderung oder Empfehlung dar.<\/p>\n<p><\/p>\n<p>Um mutma\u00dfliche Verst\u00f6\u00dfe gegen geistige oder gewerbliche Eigentumsrechte oder Probleme mit dem Inhalt der Website zu melden, kontaktieren Sie uns bitte per E-Mail. <a href=\"mailto:info@domosconstrucciones.com\">info@domosconstrucciones.com<\/a>.<\/p>\n<p><\/p>\n<h3>Haftungsausschluss<span style=\"color: #0066db;\">.<\/span><\/h3>\n<p><\/p>\n<p>Der VERANTWORTLICHE lehnt jegliche Haftung f\u00fcr auf seiner Website ver\u00f6ffentlichte Informationen ab, sofern diese Informationen von einem Dritten, der nicht mit ihm in Verbindung steht, manipuliert oder eingegeben wurden.<\/p>\n<p><\/p>\n<p><strong>Verwendung von Cookies<\/strong><\/p>\n<p><\/p>\n<p>Diese Website verwendet m\u00f6glicherweise technische Cookies (kleine Informationsdateien, die der Server an den Computer des Nutzers sendet), um bestimmte Funktionen auszuf\u00fchren, die f\u00fcr das ordnungsgem\u00e4\u00dfe Funktionieren und die Darstellung der Website unerl\u00e4sslich sind. Die verwendeten Cookies sind stets tempor\u00e4r und dienen ausschlie\u00dflich dazu, das Surfen effizienter zu gestalten. Sie werden nach Beendigung der Nutzersitzung gel\u00f6scht. Diese Cookies erfassen unter keinen Umst\u00e4nden personenbezogene Daten und werden auch nicht zur Erfassung solcher Daten verwendet.<\/p>\n<p><\/p>\n<p>Durch die Verwendung von Cookies kann der Server, auf dem die Website gehostet wird, den vom Nutzer verwendeten Browser erkennen, um die Navigation zu vereinfachen. So k\u00f6nnen beispielsweise zuvor registrierte Nutzer auf exklusive Bereiche, Dienste, Aktionen oder Gewinnspiele zugreifen, ohne sich bei jedem Besuch erneut registrieren zu m\u00fcssen. Cookies k\u00f6nnen auch verwendet werden, um die Reichweite, Traffic-Parameter, den Fortschritt und die Anzahl der Besuche usw. zu messen. In diesen F\u00e4llen sind die Cookies zwar technisch nicht notwendig, aber dennoch vorteilhaft f\u00fcr den Nutzer. Diese Website installiert keine nicht notwendigen Cookies ohne die vorherige Zustimmung des Nutzers.<\/p>\n<p><\/p>\n<p>Nutzer k\u00f6nnen ihren Browser so konfigurieren, dass sie beim Empfang von Cookies benachrichtigt werden und deren Installation auf ihrem Ger\u00e4t verhindern. Bitte konsultieren Sie die Anweisungen Ihres Browsers f\u00fcr weitere Informationen.<\/p>\n<p><\/p>\n<p><strong>Pol\u00edtica de enlaces<\/strong><\/p>\n<p><\/p>\n<p>Desde el sitio web, es posible que se redirija a contenidos de terceros sitios web. Dado que el RESPONSABLE no puede controlar siempre los contenidos introducidos por terceros en sus respectivos sitios web, no asume ning\u00fan tipo de responsabilidad respecto a dichos contenidos. En todo caso, proceder\u00e1 a la retirada inmediata de cualquier contenido que pudiera contravenir la legislaci\u00f3n nacional o internacional, la moral o el orden p\u00fablico, procediendo a la retirada inmediata de la redirecci\u00f3n a dicho sitio web, poniendo en conocimiento de las autoridades competentes el contenido en cuesti\u00f3n.<\/p>\n<p><\/p>\n<p>El RESPONSABLE no se hace responsable de la informaci\u00f3n y contenidos almacenados, a t\u00edtulo enunciativo pero no limitativo, en foros, chats, generadores de blogs, comentarios, redes sociales o cualquier otro medio que permita a terceros publicar contenidos de forma independiente en la p\u00e1gina<br \/>web del RESPONSABLE. Sin embargo, y en cumplimiento de lo dispuesto en los art\u00edculos 11 y 16 de la LSSICE, se pone a disposici\u00f3n de todos los usuarios, autoridades y fuerzas de seguridad, colaborando de forma activa en la retirada o, en su caso, bloqueo de todos aquellos contenidos que puedan afectar o contravenir la legislaci\u00f3n nacional o internacional, los derechos de terceros o la moral y el orden p\u00fablico. En caso de que el usuario considere que existe en el sitio web alg\u00fan contenido que pudiera ser susceptible de esta clasificaci\u00f3n, se ruega lo notifique de forma inmediata al administrador del sitio web.<\/p>\n<p><\/p>\n<p>Este sitio web se ha revisado y probado para que funcione correctamente. En principio, puede garantizarse el correcto funcionamiento los 365 d\u00edas del a\u00f1o, 24 horas al d\u00eda. Sin embargo, el RESPONSABLE no descarta la posibilidad de que existan ciertos errores de programaci\u00f3n, o que acontezcan causas de fuerza mayor, cat\u00e1strofes naturales, huelgas o circunstancias semejantes que hagan imposible el acceso a la p\u00e1gina web.<\/p>\n<p><\/p>\n<p><strong>IP-Adressen<\/strong><\/p>\n<p><\/p>\n<p>Die Webserver k\u00f6nnen die IP-Adresse und den Domainnamen des Nutzers automatisch erkennen. Eine IP-Adresse ist eine Nummer, die einem Computer automatisch zugewiesen wird, sobald er sich mit dem Internet verbindet. Alle diese Informationen werden in einem Server-Aktivit\u00e4tsprotokoll gespeichert, wodurch die Daten anschlie\u00dfend verarbeitet werden k\u00f6nnen, um rein statistische Kennzahlen wie Seitenaufrufe, Serverbesuche, Besuchsreihenfolge, Zugriffspunkt usw. zu ermitteln.<\/p>\n<p><\/p>\n<h3>Anwendbares Recht und Gerichtsstand<span style=\"color: #0066db;\">.<\/span><\/h3>\n<p><\/p>\n<p>F\u00fcr die Beilegung aller Streitigkeiten oder Probleme im Zusammenhang mit dieser Website oder den darauf durchgef\u00fchrten Aktivit\u00e4ten gilt spanisches Recht, dem sich die Parteien ausdr\u00fccklich unterwerfen. Die Gerichte in der N\u00e4he von Palma de Mallorca sind zust\u00e4ndig f\u00fcr die Beilegung aller Streitigkeiten, die sich aus oder im Zusammenhang mit ihrer Nutzung ergeben.<\/p>\n<p><\/p>\n<p>&nbsp;<\/p>\n<p>[\/et_pb_text][et_pb_button button_url=&#8220;https:\/\/domosconstrucciones.com\/de\/&#8220; button_text=&#8220;Zur\u00fcck zur Startseite&#8220; button_alignment=&#8220;left&#8220; _builder_version=&#8220;4.27.6&#8243; _module_preset=&#8220;default&#8220; custom_button=&#8220;on&#8220; button_text_size=&#8220;16px&#8220; button_text_color=&#8220;#FFFFFF&#8220; button_bg_color=&#8220;#005af2&#8243; button_border_radius=&#8220;50px&#8220; button_font=&#8220;Albert Sans|600|||||||&#8220; button_icon=&#8220;&#xf060;||fa||900&#8243; button_on_hover=&#8220;off&#8220; custom_margin=&#8220;0px||0px||false|false&#8220; custom_padding=&#8220;15px|43px|16px|30px|false|false&#8220; button_text_color_last_edited=&#8220;off|desktop&#8220; locked=&#8220;off&#8220; global_colors_info=&#8220;{}&#8220; button_bg_color__hover_enabled=&#8220;on|hover&#8220; button_bg_color__hover=&#8220;#dae7f6&#8243; button_bg_enable_color__hover=&#8220;on&#8220; button_letter_spacing__hover_enabled=&#8220;on|hover&#8220; button_letter_spacing__hover=&#8220;0px&#8220; button_text_color__hover_enabled=&#8220;on|hover&#8220; button_text_color__hover=&#8220;#005AF2&#8243;][\/et_pb_button][\/et_pb_column][\/et_pb_row][\/et_pb_section]<\/p>\n","protected":false},"excerpt":{"rendered":"<p>Rechtliche Hinweise.Gesetz \u00fcber Dienste der Informationsgesellschaft.DOMOS REHABILITACI\u00d3N Y CONSTRUCCION, S.L., der f\u00fcr diese Website Verantwortliche, im Folgenden \u201eVERANTWORTLICHER\u201c genannt, stellt den Nutzern das vorliegende Dokument zur Verf\u00fcgung, um den Verpflichtungen aus dem Gesetz 34\/2002 vom 11. Juli \u00fcber Dienste der Informationsgesellschaft und den elektronischen Gesch\u00e4ftsverkehr (LSSICE) BOE Nr. 166, nachzukommen sowie alle Nutzer der Website [&hellip;]<\/p>\n","protected":false},"author":1,"featured_media":0,"parent":0,"menu_order":0,"comment_status":"closed","ping_status":"closed","template":"","meta":{"_et_pb_use_builder":"on","_et_pb_old_content":"","_et_gb_content_width":"","footnotes":""},"class_list":["post-725","page","type-page","status-publish","hentry"],"yoast_head":"<!-- This site is optimized with the Yoast SEO plugin v27.5 - https:\/\/yoast.com\/product\/yoast-seo-wordpress\/ -->\n<title>Rechtliche Hinweise - DOMOS<\/title>\n<meta name=\"robots\" content=\"noindex, nofollow\" \/>\n<meta property=\"og:locale\" content=\"de_DE\" \/>\n<meta property=\"og:type\" content=\"article\" \/>\n<meta property=\"og:title\" content=\"Rechtliche Hinweise - DOMOS\" \/>\n<meta property=\"og:description\" content=\"Rechtliche Hinweise.Gesetz \u00fcber Dienste der Informationsgesellschaft.DOMOS REHABILITACI\u00d3N Y CONSTRUCCION, S.L., der f\u00fcr diese Website Verantwortliche, im Folgenden \u201eVERANTWORTLICHER\u201c genannt, stellt den Nutzern das vorliegende Dokument zur Verf\u00fcgung, um den Verpflichtungen aus dem Gesetz 34\/2002 vom 11. Juli \u00fcber Dienste der Informationsgesellschaft und den elektronischen Gesch\u00e4ftsverkehr (LSSICE) BOE Nr. 166, nachzukommen sowie alle Nutzer der Website [&hellip;]\" \/>\n<meta property=\"og:url\" content=\"https:\/\/domosconstrucciones.com\/de\/rechtliche-hinweise\/\" \/>\n<meta property=\"og:site_name\" content=\"DOMOS\" \/>\n<meta property=\"article:modified_time\" content=\"2026-04-29T12:01:01+00:00\" \/>\n<meta name=\"twitter:card\" content=\"summary_large_image\" \/>\n<meta name=\"twitter:label1\" content=\"Gesch\u00e4tzte Lesezeit\" \/>\n\t<meta name=\"twitter:data1\" content=\"8\u00a0Minuten\" \/>\n<script type=\"application\/ld+json\" class=\"yoast-schema-graph\">{\"@context\":\"https:\\\/\\\/schema.org\",\"@graph\":[{\"@type\":\"WebPage\",\"@id\":\"https:\\\/\\\/domosconstrucciones.com\\\/de\\\/rechtliche-hinweise\\\/\",\"url\":\"https:\\\/\\\/domosconstrucciones.com\\\/de\\\/rechtliche-hinweise\\\/\",\"name\":\"Rechtliche Hinweise - DOMOS\",\"isPartOf\":{\"@id\":\"https:\\\/\\\/domosconstrucciones.com\\\/de\\\/#website\"},\"datePublished\":\"2026-03-25T10:19:04+00:00\",\"dateModified\":\"2026-04-29T12:01:01+00:00\",\"breadcrumb\":{\"@id\":\"https:\\\/\\\/domosconstrucciones.com\\\/de\\\/rechtliche-hinweise\\\/#breadcrumb\"},\"inLanguage\":\"de\",\"potentialAction\":[{\"@type\":\"ReadAction\",\"target\":[\"https:\\\/\\\/domosconstrucciones.com\\\/de\\\/rechtliche-hinweise\\\/\"]}]},{\"@type\":\"BreadcrumbList\",\"@id\":\"https:\\\/\\\/domosconstrucciones.com\\\/de\\\/rechtliche-hinweise\\\/#breadcrumb\",\"itemListElement\":[{\"@type\":\"ListItem\",\"position\":1,\"name\":\"Portada\",\"item\":\"https:\\\/\\\/domosconstrucciones.com\\\/de\\\/\"},{\"@type\":\"ListItem\",\"position\":2,\"name\":\"Rechtliche Hinweise\"}]},{\"@type\":\"WebSite\",\"@id\":\"https:\\\/\\\/domosconstrucciones.com\\\/de\\\/#website\",\"url\":\"https:\\\/\\\/domosconstrucciones.com\\\/de\\\/\",\"name\":\"DOMOS\",\"description\":\"Creamos espacios que inspiran\",\"potentialAction\":[{\"@type\":\"SearchAction\",\"target\":{\"@type\":\"EntryPoint\",\"urlTemplate\":\"https:\\\/\\\/domosconstrucciones.com\\\/de\\\/?s={search_term_string}\"},\"query-input\":{\"@type\":\"PropertyValueSpecification\",\"valueRequired\":true,\"valueName\":\"search_term_string\"}}],\"inLanguage\":\"de\"}]}<\/script>\n<!-- \/ Yoast SEO plugin. -->","yoast_head_json":{"title":"Rechtliche Hinweise - DOMOS","robots":{"index":"noindex","follow":"nofollow"},"og_locale":"de_DE","og_type":"article","og_title":"Rechtliche Hinweise - DOMOS","og_description":"Rechtliche Hinweise.Gesetz \u00fcber Dienste der Informationsgesellschaft.DOMOS REHABILITACI\u00d3N Y CONSTRUCCION, S.L., der f\u00fcr diese Website Verantwortliche, im Folgenden \u201eVERANTWORTLICHER\u201c genannt, stellt den Nutzern das vorliegende Dokument zur Verf\u00fcgung, um den Verpflichtungen aus dem Gesetz 34\/2002 vom 11. Juli \u00fcber Dienste der Informationsgesellschaft und den elektronischen Gesch\u00e4ftsverkehr (LSSICE) BOE Nr. 166, nachzukommen sowie alle Nutzer der Website [&hellip;]","og_url":"https:\/\/domosconstrucciones.com\/de\/rechtliche-hinweise\/","og_site_name":"DOMOS","article_modified_time":"2026-04-29T12:01:01+00:00","twitter_card":"summary_large_image","twitter_misc":{"Gesch\u00e4tzte Lesezeit":"8\u00a0Minuten"},"schema":{"@context":"https:\/\/schema.org","@graph":[{"@type":"WebPage","@id":"https:\/\/domosconstrucciones.com\/de\/rechtliche-hinweise\/","url":"https:\/\/domosconstrucciones.com\/de\/rechtliche-hinweise\/","name":"Rechtliche Hinweise - DOMOS","isPartOf":{"@id":"https:\/\/domosconstrucciones.com\/de\/#website"},"datePublished":"2026-03-25T10:19:04+00:00","dateModified":"2026-04-29T12:01:01+00:00","breadcrumb":{"@id":"https:\/\/domosconstrucciones.com\/de\/rechtliche-hinweise\/#breadcrumb"},"inLanguage":"de","potentialAction":[{"@type":"ReadAction","target":["https:\/\/domosconstrucciones.com\/de\/rechtliche-hinweise\/"]}]},{"@type":"BreadcrumbList","@id":"https:\/\/domosconstrucciones.com\/de\/rechtliche-hinweise\/#breadcrumb","itemListElement":[{"@type":"ListItem","position":1,"name":"Portada","item":"https:\/\/domosconstrucciones.com\/de\/"},{"@type":"ListItem","position":2,"name":"Rechtliche Hinweise"}]},{"@type":"WebSite","@id":"https:\/\/domosconstrucciones.com\/de\/#website","url":"https:\/\/domosconstrucciones.com\/de\/","name":"DOMOS","description":"Creamos espacios que inspiran","potentialAction":[{"@type":"SearchAction","target":{"@type":"EntryPoint","urlTemplate":"https:\/\/domosconstrucciones.com\/de\/?s={search_term_string}"},"query-input":{"@type":"PropertyValueSpecification","valueRequired":true,"valueName":"search_term_string"}}],"inLanguage":"de"}]}},"_links":{"self":[{"href":"https:\/\/domosconstrucciones.com\/de\/wp-json\/wp\/v2\/pages\/725","targetHints":{"allow":["GET"]}}],"collection":[{"href":"https:\/\/domosconstrucciones.com\/de\/wp-json\/wp\/v2\/pages"}],"about":[{"href":"https:\/\/domosconstrucciones.com\/de\/wp-json\/wp\/v2\/types\/page"}],"author":[{"embeddable":true,"href":"https:\/\/domosconstrucciones.com\/de\/wp-json\/wp\/v2\/users\/1"}],"replies":[{"embeddable":true,"href":"https:\/\/domosconstrucciones.com\/de\/wp-json\/wp\/v2\/comments?post=725"}],"version-history":[{"count":2,"href":"https:\/\/domosconstrucciones.com\/de\/wp-json\/wp\/v2\/pages\/725\/revisions"}],"predecessor-version":[{"id":727,"href":"https:\/\/domosconstrucciones.com\/de\/wp-json\/wp\/v2\/pages\/725\/revisions\/727"}],"wp:attachment":[{"href":"https:\/\/domosconstrucciones.com\/de\/wp-json\/wp\/v2\/media?parent=725"}],"curies":[{"name":"wp","href":"https:\/\/api.w.org\/{rel}","templated":true}]}}