{"id":719,"date":"2026-03-25T10:18:27","date_gmt":"2026-03-25T10:18:27","guid":{"rendered":"https:\/\/domosconstrucciones.com\/cookie-richtlinie\/"},"modified":"2026-05-05T07:18:03","modified_gmt":"2026-05-05T07:18:03","slug":"cookie-richtlinie","status":"publish","type":"page","link":"https:\/\/domosconstrucciones.com\/de\/cookie-richtlinie\/","title":{"rendered":"Cookie-Richtlinie"},"content":{"rendered":"<p>[et_pb_section fb_built=&#8220;1&#8243; admin_label=&#8220;Contacto&#8220; module_id=&#8220;Contacto&#8220; _builder_version=&#8220;4.27.6&#8243; _module_preset=&#8220;default&#8220; custom_padding=&#8220;80px||80px||true|false&#8220; locked=&#8220;off&#8220; collapsed=&#8220;on&#8220; global_colors_info=&#8220;{}&#8220;][et_pb_row _builder_version=&#8220;4.27.6&#8243; _module_preset=&#8220;default&#8220; max_width=&#8220;80%&#8220; locked=&#8220;off&#8220; global_colors_info=&#8220;{}&#8220;][et_pb_column type=&#8220;4_4&#8243; _builder_version=&#8220;4.24.2&#8243; _module_preset=&#8220;default&#8220; global_colors_info=&#8220;{}&#8220;][et_pb_text _builder_version=&#8220;4.27.6&#8243; _module_preset=&#8220;default&#8220; header_font=&#8220;Albert Sans|600|||||||&#8220; header_text_align=&#8220;center&#8220; header_text_color=&#8220;#022047&#8243; header_font_size=&#8220;82px&#8220; header_letter_spacing=&#8220;-1px&#8220; module_alignment=&#8220;left&#8220; custom_margin=&#8220;0px||24px||false|false&#8220; custom_margin_tablet=&#8220;0px||24px||false|false&#8220; custom_margin_phone=&#8220;0px||19px||false|false&#8220; custom_margin_last_edited=&#8220;on|phone&#8220; custom_padding=&#8220;0px||0px||false|false&#8220; header_font_size_tablet=&#8220;58px&#8220; header_font_size_phone=&#8220;35px&#8220; header_font_size_last_edited=&#8220;on|tablet&#8220; global_colors_info=&#8220;{}&#8220;]<\/p>\n<h1 style=\"text-align: left;\">Cookie-Richtlinie<span style=\"color: #0066db;\">.<\/span><\/h1>\n<p>[\/et_pb_text][\/et_pb_column][\/et_pb_row][et_pb_row _builder_version=&#8220;4.27.6&#8243; _module_preset=&#8220;default&#8220; max_width=&#8220;80%&#8220; animation_style=&#8220;fade&#8220; animation_delay=&#8220;500ms&#8220; animation_speed_curve=&#8220;ease&#8220; custom_css_main_element=&#8220;display: flex;||align-items: center;&#8220; global_colors_info=&#8220;{}&#8220; custom_css_main_element_last_edited=&#8220;on|phone&#8220; custom_css_main_element_tablet=&#8220;display: inherit;||align-items: inherit;&#8220; custom_css_main_element_phone=&#8220;display: inherit;||align-items: inherit;&#8220;][et_pb_column type=&#8220;4_4&#8243; _builder_version=&#8220;4.27.6&#8243; _module_preset=&#8220;default&#8220; global_colors_info=&#8220;{}&#8220;][et_pb_text _builder_version=&#8220;4.27.6&#8243; _module_preset=&#8220;default&#8220; header_2_font=&#8220;Albert Sans|600|||||||&#8220; header_2_text_align=&#8220;center&#8220; header_2_text_color=&#8220;#022047&#8243; header_2_font_size=&#8220;42px&#8220; header_2_letter_spacing=&#8220;-0.5px&#8220; module_alignment=&#8220;left&#8220; custom_margin=&#8220;0px||0px||false|false&#8220; custom_padding=&#8220;0px||0px||false|false&#8220; header_2_font_size_tablet=&#8220;41px&#8220; header_2_font_size_phone=&#8220;28px&#8220; header_2_font_size_last_edited=&#8220;on|phone&#8220; locked=&#8220;off&#8220; global_colors_info=&#8220;{}&#8220;]<\/p>\n<h2 class=\"text-3xl lg:text-4xl\" style=\"text-align: left;\" data-fg-d3bl18=\"0.8:1.9510:\/src\/app\/App.tsx:46:11:2095:123:e:h2:t\" data-fgid-d3bl18=\":rg:\">Informationen zu Cookies<span style=\"color: #005af2;\">.<\/span><\/h2>\n<p>[\/et_pb_text][et_pb_text _builder_version=&#8220;4.27.6&#8243; _module_preset=&#8220;default&#8220; text_font=&#8220;Roboto Flex||||||||&#8220; text_font_size=&#8220;18px&#8220; text_letter_spacing=&#8220;-0.5px&#8220; text_line_height=&#8220;1.4em&#8220; link_font=&#8220;Roboto Flex||||||||&#8220; link_text_color=&#8220;#0066db&#8220; header_3_font=&#8220;Albert Sans|600|||||||&#8220; header_3_text_color=&#8220;#022047&#8243; header_3_font_size=&#8220;28px&#8220; header_3_letter_spacing=&#8220;-1px&#8220; custom_margin=&#8220;||0px||false|false&#8220; custom_padding=&#8220;||0px||false|false&#8220; hover_enabled=&#8220;0&#8243; text_font_size_tablet=&#8220;18px&#8220; text_font_size_phone=&#8220;18px&#8220; text_font_size_last_edited=&#8220;on|phone&#8220; global_colors_info=&#8220;{}&#8220; sticky_enabled=&#8220;0&#8243;]<\/p>\n<p>Cookies und \u00e4hnliche Technologien wie Local Shared Objects, Flash-Cookies oder Pixel sind Tools, die von Webservern verwendet werden, um Informationen \u00fcber ihre Besucher zu speichern und abzurufen sowie um ein reibungsloses Funktionieren der Website zu gew\u00e4hrleisten.<br \/>Durch den Einsatz dieser Technologien kann sich der Webserver bestimmte Daten \u00fcber den Nutzer merken, wie z. B. seine Pr\u00e4ferenzen f\u00fcr die Darstellung der Seiten dieses Servers, seinen Namen und sein Passwort, die Produkte, die ihn am meisten interessieren, usw.<\/p>\n<h3>Von der Regelung betroffene Cookies und ausgenommene Cookies<span style=\"color: #0066db;\">.<\/span><\/h3>\n<p>Gem\u00e4\u00df dem \u201eGesetz \u00fcber Dienste der Informationsgesellschaft\u201c (LSSICE), das durch das K\u00f6nigliche Dekret 13\/2012 erlassen wurde, ist es verpflichtend, die ausdr\u00fcckliche Zustimmung des Nutzers auf allen Websites einzuholen, die nicht unbedingt erforderliche Cookies verwenden, bevor dieser auf diesen Seiten surft.<br \/>Gem\u00e4\u00df der EU-Richtlinie sind Cookies, die eine informierte Einwilligung des Nutzers erfordern, Analyse- sowie Werbe- und Affiliate-Cookies, wobei technische Cookies und solche, die f\u00fcr den Betrieb der Website oder die Erbringung von vom Nutzer ausdr\u00fccklich angeforderten Dienstleistungen erforderlich sind, davon ausgenommen sind.<\/p>\n<h3>Arten von Cookies<span style=\"color: #0066db;\">.<\/span><\/h3>\n<p>Je nach Verwendungszweck.<\/p>\n<ul>\n<li><strong>Technische und funktionale Cookies:<\/strong> Dies sind Cookies, die es dem Nutzer erm\u00f6glichen, auf einer Website, einer Plattform oder in einer Anwendung zu navigieren und die dort angebotenen Optionen oder Dienste zu nutzen.<\/li>\n<li><strong>Analytische Cookies:<\/strong> Dies sind Cookies, die es dem Verantwortlichen erm\u00f6glichen, das Nutzerverhalten auf den Websites, mit denen sie verkn\u00fcpft sind, zu verfolgen und zu analysieren. Die durch diese Art von Cookies gesammelten Informationen werden zur Messung der Aktivit\u00e4t der Websites, Anwendungen oder Plattformen sowie zur Erstellung von Nutzungsprofilen der Nutzer dieser Websites, Anwendungen und Plattformen verwendet, um auf der Grundlage der Analyse der Nutzungsdaten der Nutzer des Dienstes Verbesserungen vorzunehmen.<\/li>\n<\/ul>\n<p><strong>Je nach Immobilie<\/strong><\/p>\n<ul>\n<li><strong>Eigene Cookies:<\/strong> Hierbei handelt es sich um Cookies, die vom Endger\u00e4t des Nutzers an einen Server oder eine Domain gesendet werden, die vom Betreiber selbst verwaltet wird und \u00fcber die der vom Nutzer angeforderte Dienst bereitgestellt wird.<\/li>\n<li><strong>Cookies von Drittanbietern:<\/strong> Hierbei handelt es sich um Cookies, die vom Endger\u00e4t des Nutzers von einem Server oder einer Domain gesendet werden, die nicht vom Betreiber verwaltet wird, sondern von einem anderen Unternehmen, das die durch die Cookies gewonnenen Daten verarbeitet.<\/li>\n<\/ul>\n<p><strong>Je nach Haltbarkeitsdauer<\/strong><\/p>\n<ul>\n<li><strong>Sitzungscookies:<\/strong> Hierbei handelt es sich um eine Art von Cookies, die dazu dienen, Daten zu erfassen und zu speichern, w\u00e4hrend der Nutzer auf eine Website zugreift.<\/li>\n<li><strong>Dauerhafte Cookies:<\/strong> Hierbei handelt es sich um eine Art von Cookies, bei denen die Daten auf dem Endger\u00e4t gespeichert bleiben und w\u00e4hrend eines vom Verantwortlichen f\u00fcr das Cookie festgelegten Zeitraums abgerufen und verarbeitet werden k\u00f6nnen; dieser Zeitraum kann von wenigen Minuten bis zu mehreren Jahren reichen.<\/li>\n<\/ul>\n<h3>Verarbeitung personenbezogener Daten<span style=\"color: #0066db;\">.<\/span><\/h3>\n<p>DOMOS REHABILITACI\u00d3N Y CONSTRUCCION, S.L. ist f\u00fcr die Verarbeitung der personenbezogenen Daten der betroffenen Person verantwortlich und teilt ihr mit, dass diese Daten gem\u00e4\u00df den Bestimmungen der Verordnung (EU) 2016\/679 vom 27. April 2016 (DSGVO) verarbeitet werden; daher werden ihr die folgenden Informationen zur Verarbeitung zur Verf\u00fcgung gestellt:<br \/><strong>Zweck der Datenverarbeitung<\/strong>: wie im Abschnitt \u00fcber die auf dieser Website verwendeten Cookies angegeben.<br \/><strong>Rechtsgrundlage f\u00fcr die Verarbeitung:<\/strong> Einwilligung der betroffenen Person (Art. 6 Abs. 1 DSGVO).<br \/><strong>Aufbewahrungsfristen f\u00fcr Daten:<\/strong> wie im Abschnitt \u00fcber die auf der Website verwendeten Cookies angegeben.<br \/><strong>Weitergabe der Daten:<\/strong> Die Daten werden nicht an Dritte weitergegeben, au\u00dfer im Falle von Cookies Dritter oder aufgrund gesetzlicher Verpflichtungen.<br \/><strong>Rechte der betroffenen Person:<\/strong><\/p>\n<ul>\n<li>Das Recht, die Einwilligung jederzeit zu widerrufen.<\/li>\n<li>Recht auf Auskunft, Berichtigung, Daten\u00fcbertragbarkeit und L\u00f6schung Ihrer Daten sowie auf Einschr\u00e4nkung oder Widerspruch gegen deren Verarbeitung.<\/li>\n<li>Recht, eine Beschwerde bei der Aufsichtsbeh\u00f6rde (<a href=\"https:\/\/www.aepd.es\/\">www.aepd.es<\/a>) einzureichen, wenn Sie der Ansicht sind, dass die Verarbeitung nicht den geltenden Vorschriften entspricht.<\/li>\n<\/ul>\n<p><strong>Kontaktdaten zur Aus\u00fcbung Ihrer Rechte:<\/strong><br \/>DOMOS REHABILITACI\u00d3N Y CONSTRUCCION, S.L.. C\/ Cala Serena, 2-1 2, &#8211; 07009 Palma de Mallorca (Balearen). E-Mail: <a href=\"mailto:info@domosconstrucciones.com\">info@domosconstrucciones.com<\/a><\/p>\n<h3>Auf dieser Website verwendete Cookies<span style=\"color: #0066db;\">.<\/span><\/h3>\n<p>&nbsp;<\/p>\n<p>[\/et_pb_text][et_pb_image src=&#8220;https:\/\/domosconstrucciones.com\/wp-content\/uploads\/2026\/04\/Captura-de-pantalla-2026-04-13-a-las-12.09.41.png&#8220; title_text=&#8220;Captura de pantalla 2026-04-13 a las 12.09.41&#8243; _builder_version=&#8220;4.27.6&#8243; _module_preset=&#8220;default&#8220; global_colors_info=&#8220;{}&#8220;][\/et_pb_image][et_pb_text _builder_version=&#8220;4.27.6&#8243; _module_preset=&#8220;default&#8220; text_font=&#8220;Roboto Flex||||||||&#8220; text_font_size=&#8220;18px&#8220; text_letter_spacing=&#8220;-0.5px&#8220; text_line_height=&#8220;1.4em&#8220; link_font=&#8220;Roboto Flex||||||||&#8220; link_text_color=&#8220;#0066db&#8220; header_3_font=&#8220;Albert Sans|600|||||||&#8220; header_3_text_color=&#8220;#022047&#8243; header_3_font_size=&#8220;28px&#8220; header_3_letter_spacing=&#8220;-1px&#8220; custom_margin=&#8220;||||false|false&#8220; custom_padding=&#8220;||||false|false&#8220; text_font_size_tablet=&#8220;18px&#8220; text_font_size_phone=&#8220;18px&#8220; text_font_size_last_edited=&#8220;on|phone&#8220; global_colors_info=&#8220;{}&#8220;]<\/p>\n<p>Weitere Informationen zum Deaktivieren von Google Analytics-Cookies:<\/p>\n<p><\/p>\n<p><a href=\"https:\/\/tools.google.com\/dlpage\/gaoptout\">Pol\u00edtica de privacidad de Google<\/a><br \/><a href=\"https:\/\/support.google.com\/analytics\/answer\/181881?hl=es\">Exclusi\u00f3n de Google Analytics<\/a><\/p>\n<p><\/p>\n<h3>So l\u00f6schen Sie Cookies in den g\u00e4ngigsten Browsern<span style=\"color: #0066db;\">.<\/span><\/h3>\n<p><\/p>\n<p><strong>Chrome<\/strong><span style=\"color: #0066db;\"> http:\/\/support.google.com\/chrome\/answer\/95647?hl=es<br \/><\/span><strong>Internet Explorer.<\/strong> Versi\u00f3n 11<span style=\"color: #0066db;\">https:\/\/support.microsoft.com\/es-es\/help\/278835\/how-to-delete-cookie-files-in-internet-explorer<br \/><\/span><strong>Firefox.<\/strong> Versi\u00f3n 65.0.1 <span style=\"color: #0066db;\"><a href=\"https:\/\/www.mozilla.org\/es-ES\/privacy\/websites\/#cookies\">https:\/\/www.mozilla.org\/es-ES\/privacy\/websites\/#cookies<\/a><br \/><\/span><strong>Safari Versi\u00f3n 5.1<\/strong><span style=\"color: #0066db;\"><a href=\"https:\/\/support.apple.com\/es-es\/guide\/safari\/sfri11471\/mac\"> https:\/\/support.apple.com\/es-es\/guide\/safari\/sfri11471\/mac<\/a><br \/><\/span><strong>Opera<\/strong><a href=\"https:\/\/help.opera.com\/en\/latest\/security-and-privacy\/#clearBrowsingData\"><span style=\"color: #0066db;\"> https:\/\/help.opera.com\/en\/latest\/security-and-privacy\/#clearBrowsingData<\/span><\/a><\/p>\n<p>[\/et_pb_text][et_pb_button button_url=&#8220;https:\/\/domosconstrucciones.com\/de\/&#8220; button_text=&#8220;Zur\u00fcck zur Startseite&#8220; button_alignment=&#8220;left&#8220; _builder_version=&#8220;4.27.6&#8243; _module_preset=&#8220;default&#8220; custom_button=&#8220;on&#8220; button_text_size=&#8220;16px&#8220; button_text_color=&#8220;#FFFFFF&#8220; button_bg_color=&#8220;#005af2&#8243; button_border_radius=&#8220;50px&#8220; button_font=&#8220;Albert Sans|600|||||||&#8220; button_icon=&#8220;&#xf060;||fa||900&#8243; button_on_hover=&#8220;off&#8220; custom_margin=&#8220;0px||0px||false|false&#8220; custom_padding=&#8220;15px|43px|16px|30px|false|false&#8220; button_text_color_last_edited=&#8220;off|desktop&#8220; locked=&#8220;off&#8220; global_colors_info=&#8220;{}&#8220; button_bg_color__hover_enabled=&#8220;on|hover&#8220; button_bg_color__hover=&#8220;#dae7f6&#8243; button_bg_enable_color__hover=&#8220;on&#8220; button_letter_spacing__hover_enabled=&#8220;on|hover&#8220; button_letter_spacing__hover=&#8220;0px&#8220; button_text_color__hover_enabled=&#8220;on|hover&#8220; button_text_color__hover=&#8220;#005AF2&#8243;][\/et_pb_button][\/et_pb_column][\/et_pb_row][\/et_pb_section]<\/p>\n","protected":false},"excerpt":{"rendered":"<p>Cookie-Richtlinie.Informationen zu Cookies.Cookies und \u00e4hnliche Technologien wie Local Shared Objects, Flash-Cookies oder Pixel sind Tools, die von Webservern verwendet werden, um Informationen \u00fcber ihre Besucher zu speichern und abzurufen sowie um ein reibungsloses Funktionieren der Website zu gew\u00e4hrleisten.Durch den Einsatz dieser Technologien kann sich der Webserver bestimmte Daten \u00fcber den Nutzer merken, wie z. B. [&hellip;]<\/p>\n","protected":false},"author":1,"featured_media":0,"parent":0,"menu_order":0,"comment_status":"closed","ping_status":"closed","template":"","meta":{"_et_pb_use_builder":"on","_et_pb_old_content":"","_et_gb_content_width":"","footnotes":""},"class_list":["post-719","page","type-page","status-publish","hentry"],"yoast_head":"<!-- This site is optimized with the Yoast SEO plugin v27.5 - https:\/\/yoast.com\/product\/yoast-seo-wordpress\/ -->\n<title>Cookie-Richtlinie - DOMOS<\/title>\n<meta name=\"robots\" content=\"noindex, nofollow\" \/>\n<meta property=\"og:locale\" content=\"de_DE\" \/>\n<meta property=\"og:type\" content=\"article\" \/>\n<meta property=\"og:title\" content=\"Cookie-Richtlinie - DOMOS\" \/>\n<meta property=\"og:description\" content=\"Cookie-Richtlinie.Informationen zu Cookies.Cookies und \u00e4hnliche Technologien wie Local Shared Objects, Flash-Cookies oder Pixel sind Tools, die von Webservern verwendet werden, um Informationen \u00fcber ihre Besucher zu speichern und abzurufen sowie um ein reibungsloses Funktionieren der Website zu gew\u00e4hrleisten.Durch den Einsatz dieser Technologien kann sich der Webserver bestimmte Daten \u00fcber den Nutzer merken, wie z. B. [&hellip;]\" \/>\n<meta property=\"og:url\" content=\"https:\/\/domosconstrucciones.com\/de\/cookie-richtlinie\/\" \/>\n<meta property=\"og:site_name\" content=\"DOMOS\" \/>\n<meta property=\"article:modified_time\" content=\"2026-05-05T07:18:03+00:00\" \/>\n<meta name=\"twitter:card\" content=\"summary_large_image\" \/>\n<meta name=\"twitter:label1\" content=\"Gesch\u00e4tzte Lesezeit\" \/>\n\t<meta name=\"twitter:data1\" content=\"7\u00a0Minuten\" \/>\n<script type=\"application\/ld+json\" class=\"yoast-schema-graph\">{\"@context\":\"https:\\\/\\\/schema.org\",\"@graph\":[{\"@type\":\"WebPage\",\"@id\":\"https:\\\/\\\/domosconstrucciones.com\\\/de\\\/cookie-richtlinie\\\/\",\"url\":\"https:\\\/\\\/domosconstrucciones.com\\\/de\\\/cookie-richtlinie\\\/\",\"name\":\"Cookie-Richtlinie - DOMOS\",\"isPartOf\":{\"@id\":\"https:\\\/\\\/domosconstrucciones.com\\\/de\\\/#website\"},\"datePublished\":\"2026-03-25T10:18:27+00:00\",\"dateModified\":\"2026-05-05T07:18:03+00:00\",\"breadcrumb\":{\"@id\":\"https:\\\/\\\/domosconstrucciones.com\\\/de\\\/cookie-richtlinie\\\/#breadcrumb\"},\"inLanguage\":\"de\",\"potentialAction\":[{\"@type\":\"ReadAction\",\"target\":[\"https:\\\/\\\/domosconstrucciones.com\\\/de\\\/cookie-richtlinie\\\/\"]}]},{\"@type\":\"BreadcrumbList\",\"@id\":\"https:\\\/\\\/domosconstrucciones.com\\\/de\\\/cookie-richtlinie\\\/#breadcrumb\",\"itemListElement\":[{\"@type\":\"ListItem\",\"position\":1,\"name\":\"Portada\",\"item\":\"https:\\\/\\\/domosconstrucciones.com\\\/de\\\/\"},{\"@type\":\"ListItem\",\"position\":2,\"name\":\"Cookie-Richtlinie\"}]},{\"@type\":\"WebSite\",\"@id\":\"https:\\\/\\\/domosconstrucciones.com\\\/de\\\/#website\",\"url\":\"https:\\\/\\\/domosconstrucciones.com\\\/de\\\/\",\"name\":\"DOMOS\",\"description\":\"Creamos espacios que inspiran\",\"potentialAction\":[{\"@type\":\"SearchAction\",\"target\":{\"@type\":\"EntryPoint\",\"urlTemplate\":\"https:\\\/\\\/domosconstrucciones.com\\\/de\\\/?s={search_term_string}\"},\"query-input\":{\"@type\":\"PropertyValueSpecification\",\"valueRequired\":true,\"valueName\":\"search_term_string\"}}],\"inLanguage\":\"de\"}]}<\/script>\n<!-- \/ Yoast SEO plugin. -->","yoast_head_json":{"title":"Cookie-Richtlinie - DOMOS","robots":{"index":"noindex","follow":"nofollow"},"og_locale":"de_DE","og_type":"article","og_title":"Cookie-Richtlinie - DOMOS","og_description":"Cookie-Richtlinie.Informationen zu Cookies.Cookies und \u00e4hnliche Technologien wie Local Shared Objects, Flash-Cookies oder Pixel sind Tools, die von Webservern verwendet werden, um Informationen \u00fcber ihre Besucher zu speichern und abzurufen sowie um ein reibungsloses Funktionieren der Website zu gew\u00e4hrleisten.Durch den Einsatz dieser Technologien kann sich der Webserver bestimmte Daten \u00fcber den Nutzer merken, wie z. B. [&hellip;]","og_url":"https:\/\/domosconstrucciones.com\/de\/cookie-richtlinie\/","og_site_name":"DOMOS","article_modified_time":"2026-05-05T07:18:03+00:00","twitter_card":"summary_large_image","twitter_misc":{"Gesch\u00e4tzte Lesezeit":"7\u00a0Minuten"},"schema":{"@context":"https:\/\/schema.org","@graph":[{"@type":"WebPage","@id":"https:\/\/domosconstrucciones.com\/de\/cookie-richtlinie\/","url":"https:\/\/domosconstrucciones.com\/de\/cookie-richtlinie\/","name":"Cookie-Richtlinie - DOMOS","isPartOf":{"@id":"https:\/\/domosconstrucciones.com\/de\/#website"},"datePublished":"2026-03-25T10:18:27+00:00","dateModified":"2026-05-05T07:18:03+00:00","breadcrumb":{"@id":"https:\/\/domosconstrucciones.com\/de\/cookie-richtlinie\/#breadcrumb"},"inLanguage":"de","potentialAction":[{"@type":"ReadAction","target":["https:\/\/domosconstrucciones.com\/de\/cookie-richtlinie\/"]}]},{"@type":"BreadcrumbList","@id":"https:\/\/domosconstrucciones.com\/de\/cookie-richtlinie\/#breadcrumb","itemListElement":[{"@type":"ListItem","position":1,"name":"Portada","item":"https:\/\/domosconstrucciones.com\/de\/"},{"@type":"ListItem","position":2,"name":"Cookie-Richtlinie"}]},{"@type":"WebSite","@id":"https:\/\/domosconstrucciones.com\/de\/#website","url":"https:\/\/domosconstrucciones.com\/de\/","name":"DOMOS","description":"Creamos espacios que inspiran","potentialAction":[{"@type":"SearchAction","target":{"@type":"EntryPoint","urlTemplate":"https:\/\/domosconstrucciones.com\/de\/?s={search_term_string}"},"query-input":{"@type":"PropertyValueSpecification","valueRequired":true,"valueName":"search_term_string"}}],"inLanguage":"de"}]}},"_links":{"self":[{"href":"https:\/\/domosconstrucciones.com\/de\/wp-json\/wp\/v2\/pages\/719","targetHints":{"allow":["GET"]}}],"collection":[{"href":"https:\/\/domosconstrucciones.com\/de\/wp-json\/wp\/v2\/pages"}],"about":[{"href":"https:\/\/domosconstrucciones.com\/de\/wp-json\/wp\/v2\/types\/page"}],"author":[{"embeddable":true,"href":"https:\/\/domosconstrucciones.com\/de\/wp-json\/wp\/v2\/users\/1"}],"replies":[{"embeddable":true,"href":"https:\/\/domosconstrucciones.com\/de\/wp-json\/wp\/v2\/comments?post=719"}],"version-history":[{"count":3,"href":"https:\/\/domosconstrucciones.com\/de\/wp-json\/wp\/v2\/pages\/719\/revisions"}],"predecessor-version":[{"id":1040,"href":"https:\/\/domosconstrucciones.com\/de\/wp-json\/wp\/v2\/pages\/719\/revisions\/1040"}],"wp:attachment":[{"href":"https:\/\/domosconstrucciones.com\/de\/wp-json\/wp\/v2\/media?parent=719"}],"curies":[{"name":"wp","href":"https:\/\/api.w.org\/{rel}","templated":true}]}}