{"id":711,"date":"2026-03-25T10:17:56","date_gmt":"2026-03-25T10:17:56","guid":{"rendered":"https:\/\/domosconstrucciones.com\/datenschutzerklaerung\/"},"modified":"2026-04-29T11:14:41","modified_gmt":"2026-04-29T11:14:41","slug":"datenschutzerklaerung","status":"publish","type":"page","link":"https:\/\/domosconstrucciones.com\/de\/datenschutzerklaerung\/","title":{"rendered":"Datenschutzerkl\u00e4rung"},"content":{"rendered":"<p>[et_pb_section fb_built=&#8220;1&#8243; admin_label=&#8220;Contacto&#8220; module_id=&#8220;Contacto&#8220; _builder_version=&#8220;4.27.6&#8243; _module_preset=&#8220;default&#8220; custom_padding=&#8220;80px||80px||true|false&#8220; locked=&#8220;off&#8220; collapsed=&#8220;on&#8220; global_colors_info=&#8220;{}&#8220; theme_builder_area=&#8220;post_content&#8220;][et_pb_row _builder_version=&#8220;4.27.6&#8243; _module_preset=&#8220;default&#8220; max_width=&#8220;80%&#8220; hover_enabled=&#8220;0&#8243; global_colors_info=&#8220;{}&#8220; locked=&#8220;off&#8220; theme_builder_area=&#8220;post_content&#8220; sticky_enabled=&#8220;0&#8243;][et_pb_column type=&#8220;4_4&#8243; _builder_version=&#8220;4.24.2&#8243; _module_preset=&#8220;default&#8220; global_colors_info=&#8220;{}&#8220; theme_builder_area=&#8220;post_content&#8220;][et_pb_text _builder_version=&#8220;4.27.6&#8243; _module_preset=&#8220;default&#8220; header_font=&#8220;Albert Sans|600|||||||&#8220; header_text_align=&#8220;center&#8220; header_text_color=&#8220;#022047&#8243; header_font_size=&#8220;82px&#8220; header_letter_spacing=&#8220;-1px&#8220; custom_margin=&#8220;0px||24px||false|false&#8220; custom_margin_tablet=&#8220;0px||24px||false|false&#8220; custom_margin_phone=&#8220;0px||19px||false|false&#8220; custom_margin_last_edited=&#8220;on|phone&#8220; custom_padding=&#8220;0px||0px||false|false&#8220; hover_enabled=&#8220;0&#8243; header_font_size_tablet=&#8220;58px&#8220; header_font_size_phone=&#8220;35px&#8220; header_font_size_last_edited=&#8220;on|tablet&#8220; global_colors_info=&#8220;{}&#8220; theme_builder_area=&#8220;post_content&#8220; sticky_enabled=&#8220;0&#8243; module_alignment=&#8220;left&#8220;]<\/p>\n<h1 style=\"text-align: left;\">Datenschutzerkl\u00e4rung<span style=\"color: #0066db;\">.<\/span><\/h1>\n<p>[\/et_pb_text][\/et_pb_column][\/et_pb_row][et_pb_row _builder_version=&#8220;4.27.6&#8243; _module_preset=&#8220;default&#8220; max_width=&#8220;80%&#8220; animation_style=&#8220;fade&#8220; animation_delay=&#8220;500ms&#8220; animation_speed_curve=&#8220;ease&#8220; custom_css_main_element=&#8220;display: flex;||align-items: center;&#8220; global_colors_info=&#8220;{}&#8220; custom_css_main_element_last_edited=&#8220;on|phone&#8220; custom_css_main_element_tablet=&#8220;display: inherit;||align-items: inherit;&#8220; custom_css_main_element_phone=&#8220;display: inherit;||align-items: inherit;&#8220; theme_builder_area=&#8220;post_content&#8220;][et_pb_column type=&#8220;4_4&#8243; _builder_version=&#8220;4.27.6&#8243; _module_preset=&#8220;default&#8220; global_colors_info=&#8220;{}&#8220; theme_builder_area=&#8220;post_content&#8220;][et_pb_text _builder_version=&#8220;4.27.6&#8243; _module_preset=&#8220;default&#8220; header_2_font=&#8220;Albert Sans|600|||||||&#8220; header_2_text_align=&#8220;center&#8220; header_2_text_color=&#8220;#022047&#8243; header_2_font_size=&#8220;42px&#8220; header_2_letter_spacing=&#8220;-0.5px&#8220; module_alignment=&#8220;left&#8220; custom_margin=&#8220;0px||0px||false|false&#8220; custom_padding=&#8220;0px||0px||false|false&#8220; hover_enabled=&#8220;0&#8243; header_2_font_size_tablet=&#8220;41px&#8220; header_2_font_size_phone=&#8220;28px&#8220; header_2_font_size_last_edited=&#8220;on|phone&#8220; locked=&#8220;off&#8220; global_colors_info=&#8220;{}&#8220; theme_builder_area=&#8220;post_content&#8220; sticky_enabled=&#8220;0&#8243;]<\/p>\n<h2 class=\"text-3xl lg:text-4xl\" style=\"text-align: left;\" data-fg-d3bl18=\"0.8:1.9510:\/src\/app\/App.tsx:46:11:2095:123:e:h2:t\" data-fgid-d3bl18=\":rg:\">Informationen f\u00fcr den Benutzer<span style=\"color: #005af2;\">.<\/span><\/h2>\n<p>[\/et_pb_text][et_pb_text _builder_version=&#8220;4.27.6&#8243; _module_preset=&#8220;default&#8220; text_font=&#8220;Roboto Flex||||||||&#8220; text_font_size=&#8220;18px&#8220; text_letter_spacing=&#8220;-0.5px&#8220; text_line_height=&#8220;1.4em&#8220; hover_enabled=&#8220;0&#8243; text_font_size_tablet=&#8220;18px&#8220; text_font_size_phone=&#8220;18px&#8220; text_font_size_last_edited=&#8220;on|phone&#8220; global_colors_info=&#8220;{}&#8220; theme_builder_area=&#8220;post_content&#8220; sticky_enabled=&#8220;0&#8243; header_3_font=&#8220;Albert Sans|600|||||||&#8220; header_3_text_color=&#8220;#022047&#8243; header_3_font_size=&#8220;28px&#8220; header_3_letter_spacing=&#8220;-1px&#8220; link_font=&#8220;Roboto Flex||||||||&#8220; link_text_color=&#8220;#0066db&#8220;]<\/p>\n<h3>\u00a0<\/h3>\n<p><\/p>\n<h3>Wer ist f\u00fcr die Verarbeitung deiner personenbezogenen Daten verantwortlich?<span style=\"color: #0066db;\">.<\/span><\/h3>\n<p><\/p>\n<p>DOMOS REHABILITACI\u00d3N Y CONSTRUCCION, S.L. ist der VERANTWORTLICHE f\u00fcr die Verarbeitung der personenbezogenen Daten des NUTZERS und informiert diesen dar\u00fcber, dass diese Daten gem\u00e4\u00df den Bestimmungen der Verordnung (EU) 2016\/679 vom 27. April (DSGVO), sowie dem Organgesetz 3\/2018 vom 5. Dezember (LOPDGDD) verarbeitet werden.<\/p>\n<p><\/p>\n<p><strong>Wozu verarbeiten wir deine personenbezogenen Daten?<\/strong><\/p>\n<p><\/p>\n<p>Zur Aufrechterhaltung einer Gesch\u00e4ftsbeziehung mit dem Nutzer. Die zur Durchf\u00fchrung der Verarbeitung vorgesehenen Vorg\u00e4nge sind:<\/p>\n<p><\/p>\n<ul>\n<li>Versendung von Werbemitteilungen per E-Mail, Fax, SMS, MMS, \u00fcber soziale Netzwerke oder \u00fcber jedes andere derzeitige oder zuk\u00fcnftige elektronische oder physische Medium, das die \u00dcbermittlung von Werbemitteilungen erm\u00f6glicht. Diese Mitteilungen werden vom VERANTWORTLICHEN versandt und beziehen sich auf dessen Produkte und Dienstleistungen oder auf die seiner Partner oder Lieferanten, mit denen er eine Werbevereinbarung getroffen hat. In diesem Fall haben Dritte niemals Zugriff auf personenbezogene Daten.<\/li>\n<li>Marktstudien und statistische Analysen durchf\u00fchren.<\/li>\n<li>Bearbeitung von Auftr\u00e4gen, Anfragen, Beantwortung von R\u00fcckfragen oder jeglicher Art von Anfragen, die der NUTZER \u00fcber eines der auf der Website des VERANTWORTLICHEN zur Verf\u00fcgung gestellten Kontaktformulare stellt.<\/li>\n<li>Den Online-Newsletter mit Neuigkeiten, Angeboten und Aktionen zu unserem Unternehmen versenden.<\/li>\n<\/ul>\n<p><\/p>\n<p><strong>Aus welchem Grund d\u00fcrfen wir deine personenbezogenen Daten verarbeiten?<\/strong><\/p>\n<p><\/p>\n<p>Denn die Verarbeitung ist gem\u00e4\u00df Artikel 6 der DSGVO wie folgt gerechtfertigt:<\/p>\n<p><\/p>\n<ul>\n<li>Mit Zustimmung des NUTZERS: Versand von Werbemitteilungen und des Newsletters.<\/li>\n<li>Aufgrund eines berechtigten Interesses des VERANTWORTLICHEN: Durchf\u00fchrung von Marktstudien, statistischen Analysen usw. sowie Bearbeitung von Auftr\u00e4gen, Anfragen usw. auf Wunsch des NUTZERS.<\/li>\n<\/ul>\n<p><\/p>\n<p><strong>An wen geben wir deine personenbezogenen Daten weiter?<\/strong><\/p>\n<p><\/p>\n<p>Eine Weitergabe personenbezogener Daten an Dritte ist nicht vorgesehen, es sei denn, dies ist f\u00fcr die Verwirklichung und Durchf\u00fchrung der Verarbeitungszwecke erforderlich. In diesem Fall erfolgt die Weitergabe an unsere Dienstleister im Kommunikationsbereich, mit denen der VERANTWORTLICHE die gem\u00e4\u00df den geltenden Datenschutzbestimmungen vorgeschriebenen Vertraulichkeits- und Auftragsverarbeitungsvertr\u00e4ge abgeschlossen hat.<\/p>\n<p><\/p>\n<p><strong>Welche Rechte hast du?<\/strong><\/p>\n<p><\/p>\n<p>Der NUTZER hat folgende Rechte:<\/p>\n<p><\/p>\n<ul>\n<li>Recht, die Einwilligung jederzeit zu widerrufen. Recht auf Auskunft, Berichtigung, Daten\u00fcbertragbarkeit und L\u00f6schung Ihrer Daten sowie auf Einschr\u00e4nkung oder Widerspruch gegen deren Verarbeitung.<\/li>\n<li>Recht, eine Beschwerde bei der Aufsichtsbeh\u00f6rde (www.aepd.es) einzureichen, wenn Sie der Ansicht sind, dass die Verarbeitung<br \/>nicht den geltenden Vorschriften entspricht.<\/li>\n<\/ul>\n<p><\/p>\n<h3>Verpflichtender oder freiwilliger Charakter der vom Nutzer bereitgestellten Informationen.<\/h3>\n<p><\/p>\n<p>Durch das Ankreuzen der entsprechenden K\u00e4stchen und die Eingabe von Daten in die mit einem Sternchen (*) gekennzeichneten Felder im Kontaktformular oder in Download-Formularen erkl\u00e4ren sich die NUTZER ausdr\u00fccklich, freiwillig und unmissverst\u00e4ndlich damit einverstanden, dass ihre Daten f\u00fcr die Bearbeitung ihrer Anfrage durch den Anbieter erforderlich sind, wobei die Angabe von Daten in den \u00fcbrigen Feldern freiwillig ist. Der NUTZER garantiert, dass die dem VERANTWORTLICHEN zur Verf\u00fcgung gestellten personenbezogenen Daten wahrheitsgem\u00e4\u00df sind, und verpflichtet sich, etwaige \u00c4nderungen dieser Daten mitzuteilen. Der VERANTWORTLICHE weist darauf hin, dass alle \u00fcber die Website angeforderten Daten obligatorisch sind, da sie f\u00fcr die Erbringung einer optimalen Dienstleistung f\u00fcr den NUTZER erforderlich sind. Werden nicht alle Daten angegeben, kann nicht garantiert werden, dass die bereitgestellten Informationen und Dienstleistungen vollst\u00e4ndig auf Ihre Bed\u00fcrfnisse zugeschnitten sind.<\/p>\n<p><\/p>\n<h3>Sicherheitsma\u00dfnahmen<span style=\"color: #0066db;\">.<\/span><\/h3>\n<p><\/p>\n<p>Dass der Verantwortliche gem\u00e4\u00df den geltenden Datenschutzbestimmungen der VERANTWORTLICHE alle Bestimmungen der DSGVO und des LOPDGDD zur Verarbeitung der in seiner Verantwortung liegenden personenbezogenen Daten einh\u00e4lt und sich eindeutig an die in Artikel 5 der DSGVO beschriebenen Grunds\u00e4tze h\u00e4lt, wonach diese Daten rechtm\u00e4\u00dfig, fair und transparent gegen\u00fcber der betroffenen Person verarbeitet werden und angemessen, relevant und auf das f\u00fcr die Zwecke, f\u00fcr die sie verarbeitet werden, erforderliche Ma\u00df beschr\u00e4nkt sind.<\/p>\n<p><\/p>\n<p>Der VERANTWORTLICHE garantiert, dass er geeignete technische und organisatorische Ma\u00dfnahmen umgesetzt hat, um die in der DSGVO und der LOPDGDD festgelegten Sicherheitsma\u00dfnahmen zum Schutz der Rechte und Freiheiten der NUTZER anzuwenden, und dass er ihnen die entsprechenden Informationen mitgeteilt hat, damit sie diese Rechte aus\u00fcben k\u00f6nnen.<\/p>\n<p><\/p>\n<p>F\u00fcr weitere Informationen zu den Datenschutzgarantien k\u00f6nnen Sie sich \u00fcber DOMOS REHABILITACI\u00d3N Y CONSTRUCCION, S.L. an den VERANTWORTLICHEN wenden. C\/ Cala Serena, 2-1 2, &#8211; 07009 Palma de Mallorca (Balearen). E-Mail: <a href=\"mailto:info@domosconstrucciones.com\">info@domosconstrucciones.com<\/a><\/p>\n<p><\/p>\n<p>&nbsp;<\/p>\n<p>[\/et_pb_text][et_pb_button button_url=&#8220;https:\/\/domosconstrucciones.com\/de\/&#8220; button_text=&#8220;Zur\u00fcck zur Startseite&#8220; button_alignment=&#8220;left&#8220; _builder_version=&#8220;4.27.6&#8243; _module_preset=&#8220;default&#8220; custom_button=&#8220;on&#8220; button_text_size=&#8220;16px&#8220; button_text_color=&#8220;#FFFFFF&#8220; button_bg_color=&#8220;#005af2&#8243; button_border_radius=&#8220;50px&#8220; button_font=&#8220;Albert Sans|600|||||||&#8220; button_icon=&#8220;&#xf060;||fa||900&#8243; button_on_hover=&#8220;off&#8220; custom_margin=&#8220;0px||0px||false|false&#8220; custom_padding=&#8220;15px|43px|16px|30px|false|false&#8220; hover_enabled=&#8220;0&#8243; button_text_color_last_edited=&#8220;off|desktop&#8220; global_colors_info=&#8220;{}&#8220; button_bg_color__hover_enabled=&#8220;on|hover&#8220; button_bg_color__hover=&#8220;#dae7f6&#8243; button_bg_enable_color__hover=&#8220;on&#8220; button_letter_spacing__hover_enabled=&#8220;on|hover&#8220; button_letter_spacing__hover=&#8220;0px&#8220; button_text_color__hover_enabled=&#8220;on|hover&#8220; button_text_color__hover=&#8220;#005AF2&#8243; locked=&#8220;off&#8220; theme_builder_area=&#8220;post_content&#8220; sticky_enabled=&#8220;0&#8243;][\/et_pb_button][\/et_pb_column][\/et_pb_row][\/et_pb_section]<\/p>\n","protected":false},"excerpt":{"rendered":"<p>Datenschutzerkl\u00e4rung.Informationen f\u00fcr den Benutzer.\u00a0Wer ist f\u00fcr die Verarbeitung deiner personenbezogenen Daten verantwortlich?.DOMOS REHABILITACI\u00d3N Y CONSTRUCCION, S.L. ist der VERANTWORTLICHE f\u00fcr die Verarbeitung der personenbezogenen Daten des NUTZERS und informiert diesen dar\u00fcber, dass diese Daten gem\u00e4\u00df den Bestimmungen der Verordnung (EU) 2016\/679 vom 27. April (DSGVO), sowie dem Organgesetz 3\/2018 vom 5. Dezember (LOPDGDD) verarbeitet werden.Wozu [&hellip;]<\/p>\n","protected":false},"author":1,"featured_media":0,"parent":0,"menu_order":0,"comment_status":"closed","ping_status":"closed","template":"","meta":{"_et_pb_use_builder":"on","_et_pb_old_content":"","_et_gb_content_width":"","footnotes":""},"class_list":["post-711","page","type-page","status-publish","hentry"],"yoast_head":"<!-- This site is optimized with the Yoast SEO plugin v27.5 - https:\/\/yoast.com\/product\/yoast-seo-wordpress\/ -->\n<title>Datenschutzerkl\u00e4rung - DOMOS<\/title>\n<meta name=\"robots\" content=\"noindex, nofollow\" \/>\n<meta property=\"og:locale\" content=\"de_DE\" \/>\n<meta property=\"og:type\" content=\"article\" \/>\n<meta property=\"og:title\" content=\"Datenschutzerkl\u00e4rung - DOMOS\" \/>\n<meta property=\"og:description\" content=\"Datenschutzerkl\u00e4rung.Informationen f\u00fcr den Benutzer.\u00a0Wer ist f\u00fcr die Verarbeitung deiner personenbezogenen Daten verantwortlich?.DOMOS REHABILITACI\u00d3N Y CONSTRUCCION, S.L. ist der VERANTWORTLICHE f\u00fcr die Verarbeitung der personenbezogenen Daten des NUTZERS und informiert diesen dar\u00fcber, dass diese Daten gem\u00e4\u00df den Bestimmungen der Verordnung (EU) 2016\/679 vom 27. April (DSGVO), sowie dem Organgesetz 3\/2018 vom 5. Dezember (LOPDGDD) verarbeitet werden.Wozu [&hellip;]\" \/>\n<meta property=\"og:url\" content=\"https:\/\/domosconstrucciones.com\/de\/datenschutzerklaerung\/\" \/>\n<meta property=\"og:site_name\" content=\"DOMOS\" \/>\n<meta property=\"article:modified_time\" content=\"2026-04-29T11:14:41+00:00\" \/>\n<meta name=\"twitter:card\" content=\"summary_large_image\" \/>\n<meta name=\"twitter:label1\" content=\"Gesch\u00e4tzte Lesezeit\" \/>\n\t<meta name=\"twitter:data1\" content=\"6\u00a0Minuten\" \/>\n<script type=\"application\/ld+json\" class=\"yoast-schema-graph\">{\"@context\":\"https:\\\/\\\/schema.org\",\"@graph\":[{\"@type\":\"WebPage\",\"@id\":\"https:\\\/\\\/domosconstrucciones.com\\\/de\\\/datenschutzerklaerung\\\/\",\"url\":\"https:\\\/\\\/domosconstrucciones.com\\\/de\\\/datenschutzerklaerung\\\/\",\"name\":\"Datenschutzerkl\u00e4rung - DOMOS\",\"isPartOf\":{\"@id\":\"https:\\\/\\\/domosconstrucciones.com\\\/de\\\/#website\"},\"datePublished\":\"2026-03-25T10:17:56+00:00\",\"dateModified\":\"2026-04-29T11:14:41+00:00\",\"breadcrumb\":{\"@id\":\"https:\\\/\\\/domosconstrucciones.com\\\/de\\\/datenschutzerklaerung\\\/#breadcrumb\"},\"inLanguage\":\"de\",\"potentialAction\":[{\"@type\":\"ReadAction\",\"target\":[\"https:\\\/\\\/domosconstrucciones.com\\\/de\\\/datenschutzerklaerung\\\/\"]}]},{\"@type\":\"BreadcrumbList\",\"@id\":\"https:\\\/\\\/domosconstrucciones.com\\\/de\\\/datenschutzerklaerung\\\/#breadcrumb\",\"itemListElement\":[{\"@type\":\"ListItem\",\"position\":1,\"name\":\"Portada\",\"item\":\"https:\\\/\\\/domosconstrucciones.com\\\/de\\\/\"},{\"@type\":\"ListItem\",\"position\":2,\"name\":\"Datenschutzerkl\u00e4rung\"}]},{\"@type\":\"WebSite\",\"@id\":\"https:\\\/\\\/domosconstrucciones.com\\\/de\\\/#website\",\"url\":\"https:\\\/\\\/domosconstrucciones.com\\\/de\\\/\",\"name\":\"DOMOS\",\"description\":\"Creamos espacios que inspiran\",\"potentialAction\":[{\"@type\":\"SearchAction\",\"target\":{\"@type\":\"EntryPoint\",\"urlTemplate\":\"https:\\\/\\\/domosconstrucciones.com\\\/de\\\/?s={search_term_string}\"},\"query-input\":{\"@type\":\"PropertyValueSpecification\",\"valueRequired\":true,\"valueName\":\"search_term_string\"}}],\"inLanguage\":\"de\"}]}<\/script>\n<!-- \/ Yoast SEO plugin. -->","yoast_head_json":{"title":"Datenschutzerkl\u00e4rung - DOMOS","robots":{"index":"noindex","follow":"nofollow"},"og_locale":"de_DE","og_type":"article","og_title":"Datenschutzerkl\u00e4rung - DOMOS","og_description":"Datenschutzerkl\u00e4rung.Informationen f\u00fcr den Benutzer.\u00a0Wer ist f\u00fcr die Verarbeitung deiner personenbezogenen Daten verantwortlich?.DOMOS REHABILITACI\u00d3N Y CONSTRUCCION, S.L. ist der VERANTWORTLICHE f\u00fcr die Verarbeitung der personenbezogenen Daten des NUTZERS und informiert diesen dar\u00fcber, dass diese Daten gem\u00e4\u00df den Bestimmungen der Verordnung (EU) 2016\/679 vom 27. April (DSGVO), sowie dem Organgesetz 3\/2018 vom 5. Dezember (LOPDGDD) verarbeitet werden.Wozu [&hellip;]","og_url":"https:\/\/domosconstrucciones.com\/de\/datenschutzerklaerung\/","og_site_name":"DOMOS","article_modified_time":"2026-04-29T11:14:41+00:00","twitter_card":"summary_large_image","twitter_misc":{"Gesch\u00e4tzte Lesezeit":"6\u00a0Minuten"},"schema":{"@context":"https:\/\/schema.org","@graph":[{"@type":"WebPage","@id":"https:\/\/domosconstrucciones.com\/de\/datenschutzerklaerung\/","url":"https:\/\/domosconstrucciones.com\/de\/datenschutzerklaerung\/","name":"Datenschutzerkl\u00e4rung - DOMOS","isPartOf":{"@id":"https:\/\/domosconstrucciones.com\/de\/#website"},"datePublished":"2026-03-25T10:17:56+00:00","dateModified":"2026-04-29T11:14:41+00:00","breadcrumb":{"@id":"https:\/\/domosconstrucciones.com\/de\/datenschutzerklaerung\/#breadcrumb"},"inLanguage":"de","potentialAction":[{"@type":"ReadAction","target":["https:\/\/domosconstrucciones.com\/de\/datenschutzerklaerung\/"]}]},{"@type":"BreadcrumbList","@id":"https:\/\/domosconstrucciones.com\/de\/datenschutzerklaerung\/#breadcrumb","itemListElement":[{"@type":"ListItem","position":1,"name":"Portada","item":"https:\/\/domosconstrucciones.com\/de\/"},{"@type":"ListItem","position":2,"name":"Datenschutzerkl\u00e4rung"}]},{"@type":"WebSite","@id":"https:\/\/domosconstrucciones.com\/de\/#website","url":"https:\/\/domosconstrucciones.com\/de\/","name":"DOMOS","description":"Creamos espacios que inspiran","potentialAction":[{"@type":"SearchAction","target":{"@type":"EntryPoint","urlTemplate":"https:\/\/domosconstrucciones.com\/de\/?s={search_term_string}"},"query-input":{"@type":"PropertyValueSpecification","valueRequired":true,"valueName":"search_term_string"}}],"inLanguage":"de"}]}},"_links":{"self":[{"href":"https:\/\/domosconstrucciones.com\/de\/wp-json\/wp\/v2\/pages\/711","targetHints":{"allow":["GET"]}}],"collection":[{"href":"https:\/\/domosconstrucciones.com\/de\/wp-json\/wp\/v2\/pages"}],"about":[{"href":"https:\/\/domosconstrucciones.com\/de\/wp-json\/wp\/v2\/types\/page"}],"author":[{"embeddable":true,"href":"https:\/\/domosconstrucciones.com\/de\/wp-json\/wp\/v2\/users\/1"}],"replies":[{"embeddable":true,"href":"https:\/\/domosconstrucciones.com\/de\/wp-json\/wp\/v2\/comments?post=711"}],"version-history":[{"count":2,"href":"https:\/\/domosconstrucciones.com\/de\/wp-json\/wp\/v2\/pages\/711\/revisions"}],"predecessor-version":[{"id":713,"href":"https:\/\/domosconstrucciones.com\/de\/wp-json\/wp\/v2\/pages\/711\/revisions\/713"}],"wp:attachment":[{"href":"https:\/\/domosconstrucciones.com\/de\/wp-json\/wp\/v2\/media?parent=711"}],"curies":[{"name":"wp","href":"https:\/\/api.w.org\/{rel}","templated":true}]}}